
{"id":635,"date":"2026-01-28T19:49:51","date_gmt":"2026-01-28T19:49:51","guid":{"rendered":"https:\/\/www.therapieplatzle-imst.at\/?page_id=635"},"modified":"2026-01-28T19:49:51","modified_gmt":"2026-01-28T19:49:51","slug":"julia-kurz","status":"publish","type":"page","link":"https:\/\/www.therapieplatzle-imst.at\/?page_id=635","title":{"rendered":"Julia Kurz"},"content":{"rendered":"<div class=\"wpb-content-wrapper\">[vc_row][vc_column][vc_column_text margin_bottom=&#8220;0&#8243;]\n<h1 style=\"text-align: center;\">Julia Kurz, BSc &#8211; Physiotherapeutin<\/h1>\n[\/vc_column_text][\/vc_column][\/vc_row][vc_row][vc_column width=&#8220;1\/2&#8243;][mk_image src=&#8220;https:\/\/www.therapieplatzle-imst.at\/wp-content\/uploads\/2026\/01\/whatsapp-image-2026-01-28-at-20.19.41-1.jpeg&#8220; image_size=&#8220;full&#8220; margin_bottom=&#8220;10&#8243;][\/vc_column][vc_column width=&#8220;1\/2&#8243;][vc_column_text margin_bottom=&#8220;0&#8243;]\n<p align=\"justify\">Ich bin Julia, Physiotherapeutin und medizinische Masseurin. Mein Privatleben wird von meiner lieben Familie mit viel Chaos und Herzlichkeit gef\u00fcllt \u2013 insbesondere von meinen zwei Kindern, die mir t\u00e4glich zeigen, wie wertvoll Bewegung, Geduld und Lebensfreude sind.<\/p>\n<p align=\"justify\">Bevor ich die Ausbildung zur Physiotherapeutin begann, \u00fcbte ich meinen Job als medizinische Masseurin einige Jahre bei Physio Wescht aus. Diese Zeit hat meine Leidenschaft f\u00fcr den therapeutischen Beruf sehr gepr\u00e4gt.<\/p>\n<p align=\"justify\">Seit 2017 und somit direkt nach Abschluss meiner Ausbildung, bin ich im Krankenhaus Zams t\u00e4tig, wo ich bis heute sehr gerne arbeite. Die Arbeit im Krankenhaus ist sehr abwechslungsreich und erm\u00f6glicht mir viele unterschiedliche Verletzungen und Beschwerden kennenzulernen und zu behandeln.<\/p>\n<p align=\"justify\">Diese Erfahrung m\u00f6chte ich nun auch im Therapieplatzle weitergeben und Menschen mit fachlicher Kompetenz, Zeit und Herz auf ihrem Weg zu mehr Beweglichkeit und Wohlbefinden unterst\u00fctzen.<\/p>\n<p align=\"justify\"><strong>Meine Leistungen<\/strong><\/p>\n<ul>\n<li>Physiotherapie: Individuelle Behandlung zur Verbesserung von Beweglichkeit, Kraft und Koordination \u2013 abgestimmt auf Ihre pers\u00f6nlichen Ziele<\/li>\n<li>Medizinische Massage: Zur Lockerung der Muskulatur, Schmerzlinderung und F\u00f6rderung der Durchblutung<\/li>\n<li>Manuelle Lymphdrainage: Technik zur Entstauung des Gewebes, z.B. nach Operationen, Verletzungen oder bei Lymph\u00f6demen<\/li>\n<li>Rehabilitation nach Verletzungen &amp; Operationen: Begleitende Therapie f\u00fcr einen sicheren und nachhaltigen Heilungsprozess<\/li>\n<li>Behandlung von akuten und chronischen Beschwerden: z.B. bei R\u00fccken-, Gelenks- oder Muskelproblemen<\/li>\n<\/ul>\n[\/vc_column_text][\/vc_column][\/vc_row]\n<\/div>","protected":false},"excerpt":{"rendered":"<p>[vc_row][vc_column][vc_column_text margin_bottom=&#8220;0&#8243;] Julia Kurz, BSc &#8211; Physiotherapeutin [\/vc_column_text][\/vc_column][\/vc_row][vc_row][vc_column width=&#8220;1\/2&#8243;][mk_image src=&#8220;https:\/\/www.therapieplatzle-imst.at\/wp-content\/uploads\/2026\/01\/whatsapp-image-2026-01-28-at-20.19.41-1.jpeg&#8220; image_size=&#8220;full&#8220; margin_bottom=&#8220;10&#8243;][\/vc_column][vc_column width=&#8220;1\/2&#8243;][vc_column_text margin_bottom=&#8220;0&#8243;] Ich bin Julia, Physiotherapeutin und medizinische Masseurin. Mein Privatleben wird von meiner lieben Familie mit viel Chaos und Herzlichkeit gef\u00fcllt \u2013 insbesondere von meinen zwei Kindern, die mir t\u00e4glich zeigen, wie wertvoll Bewegung, Geduld und Lebensfreude sind. Bevor ich die Ausbildung [&hellip;]<\/p>\n","protected":false},"author":1,"featured_media":0,"parent":0,"menu_order":0,"comment_status":"closed","ping_status":"closed","template":"","meta":{"footnotes":""},"class_list":["post-635","page","type-page","status-publish","hentry"],"_links":{"self":[{"href":"https:\/\/www.therapieplatzle-imst.at\/index.php?rest_route=\/wp\/v2\/pages\/635","targetHints":{"allow":["GET"]}}],"collection":[{"href":"https:\/\/www.therapieplatzle-imst.at\/index.php?rest_route=\/wp\/v2\/pages"}],"about":[{"href":"https:\/\/www.therapieplatzle-imst.at\/index.php?rest_route=\/wp\/v2\/types\/page"}],"author":[{"embeddable":true,"href":"https:\/\/www.therapieplatzle-imst.at\/index.php?rest_route=\/wp\/v2\/users\/1"}],"replies":[{"embeddable":true,"href":"https:\/\/www.therapieplatzle-imst.at\/index.php?rest_route=%2Fwp%2Fv2%2Fcomments&post=635"}],"version-history":[{"count":9,"href":"https:\/\/www.therapieplatzle-imst.at\/index.php?rest_route=\/wp\/v2\/pages\/635\/revisions"}],"predecessor-version":[{"id":646,"href":"https:\/\/www.therapieplatzle-imst.at\/index.php?rest_route=\/wp\/v2\/pages\/635\/revisions\/646"}],"wp:attachment":[{"href":"https:\/\/www.therapieplatzle-imst.at\/index.php?rest_route=%2Fwp%2Fv2%2Fmedia&parent=635"}],"curies":[{"name":"wp","href":"https:\/\/api.w.org\/{rel}","templated":true}]}}