
{"id":616,"date":"2026-01-27T16:12:41","date_gmt":"2026-01-27T16:12:41","guid":{"rendered":"https:\/\/www.therapieplatzle-imst.at\/?page_id=616"},"modified":"2026-01-28T19:35:32","modified_gmt":"2026-01-28T19:35:32","slug":"frederike","status":"publish","type":"page","link":"https:\/\/www.therapieplatzle-imst.at\/?page_id=616","title":{"rendered":"Frederike"},"content":{"rendered":"<div class=\"wpb-content-wrapper\">[vc_row][vc_column][vc_column_text]\n<h1 style=\"text-align: center;\">Frederike Bolz, BSc &#8211; Physiotherapeutin<\/h1>\n[\/vc_column_text][\/vc_column][\/vc_row][vc_row][vc_column width=&#8220;1\/2&#8243;][mk_image src=&#8220;https:\/\/www.therapieplatzle-imst.at\/wp-content\/uploads\/2026\/01\/whatsapp-image-2026-01-27-at-18.50.04-1.jpeg&#8220; image_size=&#8220;full&#8220; margin_bottom=&#8220;10&#8243;][\/vc_column][vc_column width=&#8220;1\/2&#8243;][vc_column_text css=&#8220;.vc_custom_1769530209682{margin-bottom: 0px !important;}&#8220;]\n<p align=\"justify\">Ich bin Frederike, Physiotherapeutin und Mama von einer Tochter. Bereits seit vielen Jahren liegt mein Fokus im Bereich der Beckenbodenphysiotherapie.<br \/>\nIch behandle Frauen und M\u00e4nner jeden Alters mit Funktionsst\u00f6rungen im Becken, darunter z\u00e4hlen Beschwerden wie Organsenkungen, Harninkontinenz und Geburtsverletzungen sowie bei M\u00e4nnern Beschwerden nach einer Prostataoperation.<br \/>\nUm die Therapie so effizient wie m\u00f6glich zu gestalten, arbeite ich in meiner Praxis mit funktionellem Ultraschall. Dieses visuelle Feedback hilft dabei, die Ansteuerung der Beckenbodenmuskulatur korrekt zu erlernen und zu verbessern. Bei Frauen biete ich die vaginale Tastuntersuchung und Behandlung an. Nur so lassen sich Kraft, Ausdauer und die Koordinatin der Beckenbodenmuskulatur sowie der Status von Senkungen exakt beurteilen und ein individueller Therapieplan erstellen.<\/p>\n<p><strong>Anwendungsbereiche bei Frauen<\/strong><\/p>\n<ul>\n<li>Organsenkungen von Blase, Geb\u00e4rmutter und Darm<\/li>\n<li>Narbenbehandlung: Damm- und Kaiserschnittnarben<\/li>\n<li>Harninkontinenz: Drang- und Belastungsinkontinenz<\/li>\n<li>Stuhlinkontinenz<\/li>\n<li>Entleerungsst\u00f6rungen: Blase und Darm<\/li>\n<li>\u00a0Schwangerschaftsbeschwerden<\/li>\n<li>\u00a0R\u00fcckbildung nach der Geburt<\/li>\n<li>Stei\u00dfbeinschmerzen<\/li>\n<li>Operationen: Geb\u00e4rmutterentfernung und Blasenhebung<\/li>\n<\/ul>\n<p><strong>Anwendungsbereiche bei M\u00e4nnern<\/strong><\/p>\n<ul>\n<li>Harninkontinenz vor und nach Prostataoperationen<\/li>\n<li>Beschwerden nach urologischen Eingriffen<\/li>\n<\/ul>\n[\/vc_column_text][\/vc_column][\/vc_row]\n<\/div>","protected":false},"excerpt":{"rendered":"<p>[vc_row][vc_column][vc_column_text] Frederike Bolz, BSc &#8211; Physiotherapeutin [\/vc_column_text][\/vc_column][\/vc_row][vc_row][vc_column width=&#8220;1\/2&#8243;][mk_image src=&#8220;https:\/\/www.therapieplatzle-imst.at\/wp-content\/uploads\/2026\/01\/whatsapp-image-2026-01-27-at-18.50.04-1.jpeg&#8220; image_size=&#8220;full&#8220; margin_bottom=&#8220;10&#8243;][\/vc_column][vc_column width=&#8220;1\/2&#8243;][vc_column_text css=&#8220;.vc_custom_1769530209682{margin-bottom: 0px !important;}&#8220;] Ich bin Frederike, Physiotherapeutin und Mama von einer Tochter. Bereits seit vielen Jahren liegt mein Fokus im Bereich der Beckenbodenphysiotherapie. Ich behandle Frauen und M\u00e4nner jeden Alters mit Funktionsst\u00f6rungen im Becken, darunter z\u00e4hlen Beschwerden wie Organsenkungen, Harninkontinenz und Geburtsverletzungen sowie [&hellip;]<\/p>\n","protected":false},"author":1,"featured_media":0,"parent":0,"menu_order":0,"comment_status":"closed","ping_status":"closed","template":"","meta":{"footnotes":""},"class_list":["post-616","page","type-page","status-publish","hentry"],"_links":{"self":[{"href":"https:\/\/www.therapieplatzle-imst.at\/index.php?rest_route=\/wp\/v2\/pages\/616","targetHints":{"allow":["GET"]}}],"collection":[{"href":"https:\/\/www.therapieplatzle-imst.at\/index.php?rest_route=\/wp\/v2\/pages"}],"about":[{"href":"https:\/\/www.therapieplatzle-imst.at\/index.php?rest_route=\/wp\/v2\/types\/page"}],"author":[{"embeddable":true,"href":"https:\/\/www.therapieplatzle-imst.at\/index.php?rest_route=\/wp\/v2\/users\/1"}],"replies":[{"embeddable":true,"href":"https:\/\/www.therapieplatzle-imst.at\/index.php?rest_route=%2Fwp%2Fv2%2Fcomments&post=616"}],"version-history":[{"count":6,"href":"https:\/\/www.therapieplatzle-imst.at\/index.php?rest_route=\/wp\/v2\/pages\/616\/revisions"}],"predecessor-version":[{"id":634,"href":"https:\/\/www.therapieplatzle-imst.at\/index.php?rest_route=\/wp\/v2\/pages\/616\/revisions\/634"}],"wp:attachment":[{"href":"https:\/\/www.therapieplatzle-imst.at\/index.php?rest_route=%2Fwp%2Fv2%2Fmedia&parent=616"}],"curies":[{"name":"wp","href":"https:\/\/api.w.org\/{rel}","templated":true}]}}