
{"id":455,"date":"2025-05-05T17:27:53","date_gmt":"2025-05-05T17:27:53","guid":{"rendered":"https:\/\/www.therapieplatzle-imst.at\/?page_id=455"},"modified":"2025-09-07T17:03:32","modified_gmt":"2025-09-07T17:03:32","slug":"johanna-2","status":"publish","type":"page","link":"https:\/\/www.therapieplatzle-imst.at\/?page_id=455","title":{"rendered":"Johanna"},"content":{"rendered":"<div class=\"wpb-content-wrapper\">[vc_row][vc_column][vc_column_text css=&#8220;.vc_custom_1757092790663{margin-bottom: 0px !important;}&#8220;]\n<h1 style=\"text-align: center;\">Johanna Schatz, BSC &#8211; Logop\u00e4din<\/h1>\n[\/vc_column_text][\/vc_column][\/vc_row][vc_row][vc_column width=&#8220;1\/2&#8243;][mk_image src=&#8220;https:\/\/www.therapieplatzle-imst.at\/wp-content\/uploads\/2025\/09\/therapieplatzle_imst_pics_lowres_107.jpg&#8220; image_size=&#8220;full&#8220;][mk_image src=&#8220;https:\/\/www.therapieplatzle-imst.at\/wp-content\/uploads\/2025\/09\/therapieplatzle_imst_pics_lowres_237.jpg&#8220; image_size=&#8220;full&#8220; visibility=&#8220;visible-dt&#8220;][\/vc_column][vc_column width=&#8220;1\/2&#8243;][vc_column_text css=&#8220;.vc_custom_1757264654874{margin-bottom: 0px !important;}&#8220;]\n<p align=\"justify\"><strong>|wer isch die PLATSCHEDER ? |<\/strong><br \/>\nDie PLATSCHEDER ist niemand anderes als ich &#8211; Johanna Schatz. Ich bin ausgebildete Elementar-&amp; Hortp\u00e4dagogin und Logop\u00e4din. Zudem habe ich die Ausbildung zur Rota-Therapeutin (f\u00fcr S\u00e4uglinge, Kinder &amp; Erwachsene), JIAS-H\u00f6rtrainerin und zum Mikron\u00e4hrstoffcoach absolviert. Neben meiner Passion, der Logop\u00e4die liebe ich es in den Bergen zu sein, Theater zu spielen, zu singen, zu laufen oder gutes Essen zu genie\u00dfen. 2020 habe ich mir den Traum der Freiberuflichkeit verwirklicht und ko\u0308nnte mir keinen besseren Beruf f\u00fcr mich vorstellen.<\/p>\n<p align=\"justify\"><strong>FORTBILDUNGEN<\/strong><\/p>\n<ul>\n<li>LAX VOX \u2013 \u00dcbung zur Pflege, Heilung und Schulung der Stimme (Stephanie A. Kruse)<\/li>\n<li>Spielorientierte Sprachtherapie bei Autismus (Kristin Snippe)<\/li>\n<li>Taping f\u00fcr Logop\u00e4den (Dr. Volker Runge)<\/li>\n<li>Aspekte der Bindungstheorie in der therapeutischen Arbeit (Mag.a Julia M\u00e4hr)<\/li>\n<li>Funktionelle und organische Stimmst\u00f6rungen \u2013 Die Heptner Methode in der Stimmtherapie (Michael Heptner)<\/li>\n<li>Integrative Osteopathie bei myofunktionellen St\u00f6rungen &amp;<\/li>\n<li>Artikulationsst\u00f6rungen Basismodul (Jeroen Put &amp; Karin Rottensteiner-Put)<\/li>\n<li>LAT-AS Konzept \u2013 Behandlung von lateralen Aussprachest\u00f6rungen (Nicole Gyra-Brandt)<\/li>\n<li>Therapie nach dem Patholinguistischen Ansatz (Tanja Jahn)<\/li>\n<li>SZET \u2013 Schlucken &amp; Zungenruhelage effizient therapieren (Steffi Kuhrt)<\/li>\n<li>Logop\u00e4dische Therapie von Kindern mit LKGS &#8211; FEHLBILDUNGEN (Dr. Ulrike Wohlleben)<\/li>\n<li>Dysphagie bei S\u00e4uglingen &amp; Kleinkindern \u2013 Theorie, Diagnostik und Praxis (Bettina Genz)<\/li>\n<li>Cranio-mandibul\u00e4re Dysfunktion als interdisziplin\u00e4re Herausforderung (Reinhard Wolf)<\/li>\n<li>Dry Needling &#8211; Basismodul (Mathias Meusburger)<\/li>\n<li>Hentschel-Methode (Jens Hentschel)<\/li>\n<li>Rota &#8211; Therapie (Bettina Hutterer)<\/li>\n<li>JIAS \u2013 H\u00f6rtrainerin (Martina Gruber)<\/li>\n<li>Myofunktionelle Therapie und die Kieferentwicklung (Melanie Haslinger)<\/li>\n<li>Rota \u2013 Therapie Aufbaukurs Scho\u00dfbehandlungen\/ S\u00e4uglinge (Bettina Hutterer)<\/li>\n<li>CRAFTA\u00ae Grundkurs (Christian Voith)<\/li>\n<li>Ern\u00e4hrungsst\u00f6rungen bei Kindern \u2013 Picky Eating, F\u00fctterst\u00f6rungen oder ARFID (Lina Mazzoni)<\/li>\n<li>K \u2013 Taping in der Logop\u00e4die (Patricia Baldauf)<\/li>\n<li>Myofunktionelle Kriterien f\u00fcr Ern\u00e4hrungs- &amp; Beruhigungssauger (Michaela Drei\u00dfig)<\/li>\n<li>Myofunktionelle Therapie bei Kleinkindern (Michaela Drei\u00dfig)<\/li>\n<li>Von der Sprachanbahnung bis zum Lesen Lernen (Diana Bangratz)<\/li>\n<li>LOGOCAMP \u2013 Logop\u00e4die meets Osteopathie (Jeroen Put)<\/li>\n<li>Mikron\u00e4hrstoffcoach (Biogena Academy)<\/li>\n<li>Einf\u00fchrung in das Estill Voice Training zur Anwendung in der Stimmtherapie (Stephanie A. Kruse)<\/li>\n<li>Estill Voice Training Level 1 &amp; 2 (Patrik Thurner)<\/li>\n<\/ul>\n<p align=\"justify\"><strong>FACTS<\/strong><br \/>\n<strong>|wa\u030as isch mit dem platscheder gmuant?|<\/strong><br \/>\nPLATSCHEDER ist ein Tiroler Dialektwort, welches in meinem Heimatdorf Nassereith auch heute noch seinen Gebrauch findet. Inspiriert von meinem Gro\u00dfvater Gerhard Kranewitter wurde der Begriff kurzerhand zur \u201eMarke\u201c meiner Logop\u00e4diepraxis. PLATSCHEDER beschreibt somit mich selbst und die Liebe zur Mundart, denn auch Dialekt hat in der logop\u00e4dischen Therapie, wenn es passt und zugelassen wird, absolut seine Daseinsberechtigung. Nach dem \u201eFranz Kranewitter &#8211; W\u00f6rterbuch der Nassereither Mundart\u201c wird das Dialektwort folglich \u00fcbersetzt:<br \/>\n<strong>PLAT|SCHE|DER<\/strong><br \/>\nSubstantiv, [die]\n(jem. der viel und dauernd redet)<br \/>\nplat|sche|dere, Verb; du platschedersch, i platscheder; du willsch platschedere, i will platschedere;<br \/>\n<strong>LIEBLINGSDIALEKTWO\u0308RTER:<\/strong> Pa\u030aver (jem. der speichelt), Pletsche (Zunge), oube doube;<br \/>\n<strong>LIEBLINGSREIM:<\/strong> \u201eMichele, Machele, brunzt ins Kachele, &#8217;s Kachele rinnt, &#8217;s Michele stinkt.\u201c<\/p>\n[\/vc_column_text][\/vc_column][\/vc_row]\n<\/div>","protected":false},"excerpt":{"rendered":"<p>[vc_row][vc_column][vc_column_text css=&#8220;.vc_custom_1757092790663{margin-bottom: 0px !important;}&#8220;] Johanna Schatz, BSC &#8211; Logop\u00e4din [\/vc_column_text][\/vc_column][\/vc_row][vc_row][vc_column width=&#8220;1\/2&#8243;][mk_image src=&#8220;https:\/\/www.therapieplatzle-imst.at\/wp-content\/uploads\/2025\/09\/therapieplatzle_imst_pics_lowres_107.jpg&#8220; image_size=&#8220;full&#8220;][mk_image src=&#8220;https:\/\/www.therapieplatzle-imst.at\/wp-content\/uploads\/2025\/09\/therapieplatzle_imst_pics_lowres_237.jpg&#8220; image_size=&#8220;full&#8220; visibility=&#8220;visible-dt&#8220;][\/vc_column][vc_column width=&#8220;1\/2&#8243;][vc_column_text css=&#8220;.vc_custom_1757264654874{margin-bottom: 0px !important;}&#8220;] |wer isch die PLATSCHEDER ? | Die PLATSCHEDER ist niemand anderes als ich &#8211; Johanna Schatz. Ich bin ausgebildete Elementar-&amp; Hortp\u00e4dagogin und Logop\u00e4din. Zudem habe ich die Ausbildung zur Rota-Therapeutin (f\u00fcr S\u00e4uglinge, Kinder &amp; Erwachsene), [&hellip;]<\/p>\n","protected":false},"author":1,"featured_media":0,"parent":0,"menu_order":0,"comment_status":"closed","ping_status":"closed","template":"","meta":{"footnotes":""},"class_list":["post-455","page","type-page","status-publish","hentry"],"_links":{"self":[{"href":"https:\/\/www.therapieplatzle-imst.at\/index.php?rest_route=\/wp\/v2\/pages\/455","targetHints":{"allow":["GET"]}}],"collection":[{"href":"https:\/\/www.therapieplatzle-imst.at\/index.php?rest_route=\/wp\/v2\/pages"}],"about":[{"href":"https:\/\/www.therapieplatzle-imst.at\/index.php?rest_route=\/wp\/v2\/types\/page"}],"author":[{"embeddable":true,"href":"https:\/\/www.therapieplatzle-imst.at\/index.php?rest_route=\/wp\/v2\/users\/1"}],"replies":[{"embeddable":true,"href":"https:\/\/www.therapieplatzle-imst.at\/index.php?rest_route=%2Fwp%2Fv2%2Fcomments&post=455"}],"version-history":[{"count":9,"href":"https:\/\/www.therapieplatzle-imst.at\/index.php?rest_route=\/wp\/v2\/pages\/455\/revisions"}],"predecessor-version":[{"id":581,"href":"https:\/\/www.therapieplatzle-imst.at\/index.php?rest_route=\/wp\/v2\/pages\/455\/revisions\/581"}],"wp:attachment":[{"href":"https:\/\/www.therapieplatzle-imst.at\/index.php?rest_route=%2Fwp%2Fv2%2Fmedia&parent=455"}],"curies":[{"name":"wp","href":"https:\/\/api.w.org\/{rel}","templated":true}]}}