
{"id":190,"date":"2022-12-30T18:05:28","date_gmt":"2022-12-30T18:05:28","guid":{"rendered":"https:\/\/www.therapie-imst.at\/?page_id=190"},"modified":"2025-09-05T16:42:11","modified_gmt":"2025-09-05T16:42:11","slug":"logopaedie","status":"publish","type":"page","link":"https:\/\/www.therapieplatzle-imst.at\/?page_id=190","title":{"rendered":"Logop\u00e4die"},"content":{"rendered":"<div class=\"wpb-content-wrapper\">[vc_row][vc_column][vc_column_text css=&#8220;.vc_custom_1744379822935{margin-bottom: 0px !important;}&#8220;]\n<h1 style=\"text-align: center;\">Logop\u00e4die<\/h1>\n[\/vc_column_text][vc_separator color=&#8220;custom&#8220; css=&#8220;&#8220; accent_color=&#8220;#717046&#8243;][vc_column_text css=&#8220;.vc_custom_1757090539038{margin-bottom: 0px !important;}&#8220;]Zu den T\u00e4tigkeitsfeldern der Logop\u00e4die geh\u00f6ren die Pr\u00e4vention, Beratung, Diagnostik und Therapie in den Bereichen Stimme, Sprache, Sprechen, Schlucken und H\u00f6ren.<\/p>\n<p>Johanna &amp; Julia behandeln somit folgende St\u00f6rungsbilder bei Erwachsenen und Kindern:[\/vc_column_text][vc_column_text css=&#8220;.vc_custom_1757090564787{margin-bottom: 0px !important;}&#8220;]\n<h5>St\u00f6rungen im cranio-facio-oralen Bereich<\/h5>\n<ul>\n<li>St\u00f6rung der Nahrungsaufnahme (S\u00e4uglinge | Kinder | Erwachsene)<\/li>\n<li>St\u00f6rung der orofacialen Funktion (Mundatmung, Zungensto\u00df, Zungenruhelage, inkorrektes Schluckmuster, Abbau von Habits, Kiefergelenksbeschwerden)<\/li>\n<li>Artikulationsst\u00f6rung<\/li>\n<li>Dysglossie (LKG-Spalten)<\/li>\n<li>Facialisparese<\/li>\n<\/ul>\n<h5>St\u00f6rungen der Sprache, des Sprechens &amp; der Nahrungsaufnahme aufgrund neurologischer Beeintr\u00e4chtigung<\/h5>\n<ul>\n<li>Aphasie<\/li>\n<li>Sprechapraxie<\/li>\n<li>Buccofaciale Apraxie<\/li>\n<li>Facialisparese<\/li>\n<li>Dysarthrie<\/li>\n<li>Dysphagie<\/li>\n<\/ul>\n<h5>St\u00f6rungen der Atmung, der Stimme &amp; des Stimmklanges<\/h5>\n<ul>\n<li>St\u00f6rungen der Atmung<\/li>\n<li>Organische und funktionelle Dysphonie, Dysodie<\/li>\n<li>Rhinophonie aperta\/clausa<\/li>\n<\/ul>\n<h5>St\u00f6rungen der Sprachentwicklung<\/h5>\n<ul>\n<li>Sprachentwicklungsst\u00f6rung (SES, SSES)<\/li>\n<li>Sprachentwicklungsverz\u00f6gerung (Late Talker)<\/li>\n<\/ul>\n<h5>St\u00f6rungen des H\u00f6rverm\u00f6gens<\/h5>\n<ul>\n<li>Audiogenbedingte Aussprachest\u00f6rungen<\/li>\n<li>Auditive Verarbeitungs- und Wahrnehmungsst\u00f6rung (AVWS)<\/li>\n<\/ul>\n<h5>St\u00f6rungen des Lesens und Schreibens<\/h5>\n<ul>\n<li>Alexie\/Dyslexie<\/li>\n<li>Agraphie\/Dysgraphie<\/li>\n<li>St\u00f6rung des Schriftspracherwerbs (Lese- und Rechtschreibst\u00f6rung)<\/li>\n<\/ul>\n[\/vc_column_text][\/vc_column][\/vc_row][vc_row][vc_column width=&#8220;1\/2&#8243;][mk_button dimension=&#8220;savvy&#8220; url=&#8220;https:\/\/www.therapieplatzle-imst.at\/?page_id=194&#8243; fullwidth=&#8220;true&#8220; outline_skin=&#8220;custom&#8220; outline_hover_bg_color=&#8220;#997663&#8243; outline_hover_color=&#8220;#ffffff&#8220;]Ablauf der Therapie[\/mk_button][mk_button dimension=&#8220;savvy&#8220; url=&#8220;https:\/\/www.therapieplatzle-imst.at\/?page_id=239&#8243; fullwidth=&#8220;true&#8220; outline_skin=&#8220;custom&#8220; outline_hover_bg_color=&#8220;#997663&#8243; outline_hover_color=&#8220;#ffffff&#8220;]Kontaktdaten[\/mk_button][\/vc_column][vc_column width=&#8220;1\/2&#8243;][\/vc_column][\/vc_row]\n<\/div>","protected":false},"excerpt":{"rendered":"<p>[vc_row][vc_column][vc_column_text css=&#8220;.vc_custom_1744379822935{margin-bottom: 0px !important;}&#8220;] Logop\u00e4die [\/vc_column_text][vc_separator color=&#8220;custom&#8220; css=&#8220;&#8220; accent_color=&#8220;#717046&#8243;][vc_column_text css=&#8220;.vc_custom_1757090539038{margin-bottom: 0px !important;}&#8220;]Zu den T\u00e4tigkeitsfeldern der Logop\u00e4die geh\u00f6ren die Pr\u00e4vention, Beratung, Diagnostik und Therapie in den Bereichen Stimme, Sprache, Sprechen, Schlucken und H\u00f6ren. Johanna &amp; Julia behandeln somit folgende St\u00f6rungsbilder bei Erwachsenen und Kindern:[\/vc_column_text][vc_column_text css=&#8220;.vc_custom_1757090564787{margin-bottom: 0px !important;}&#8220;] St\u00f6rungen im cranio-facio-oralen Bereich St\u00f6rung der Nahrungsaufnahme (S\u00e4uglinge | [&hellip;]<\/p>\n","protected":false},"author":1,"featured_media":0,"parent":0,"menu_order":0,"comment_status":"closed","ping_status":"closed","template":"","meta":{"footnotes":""},"class_list":["post-190","page","type-page","status-publish","hentry"],"_links":{"self":[{"href":"https:\/\/www.therapieplatzle-imst.at\/index.php?rest_route=\/wp\/v2\/pages\/190","targetHints":{"allow":["GET"]}}],"collection":[{"href":"https:\/\/www.therapieplatzle-imst.at\/index.php?rest_route=\/wp\/v2\/pages"}],"about":[{"href":"https:\/\/www.therapieplatzle-imst.at\/index.php?rest_route=\/wp\/v2\/types\/page"}],"author":[{"embeddable":true,"href":"https:\/\/www.therapieplatzle-imst.at\/index.php?rest_route=\/wp\/v2\/users\/1"}],"replies":[{"embeddable":true,"href":"https:\/\/www.therapieplatzle-imst.at\/index.php?rest_route=%2Fwp%2Fv2%2Fcomments&post=190"}],"version-history":[{"count":11,"href":"https:\/\/www.therapieplatzle-imst.at\/index.php?rest_route=\/wp\/v2\/pages\/190\/revisions"}],"predecessor-version":[{"id":201,"href":"https:\/\/www.therapieplatzle-imst.at\/index.php?rest_route=\/wp\/v2\/pages\/190\/revisions\/201"}],"wp:attachment":[{"href":"https:\/\/www.therapieplatzle-imst.at\/index.php?rest_route=%2Fwp%2Fv2%2Fmedia&parent=190"}],"curies":[{"name":"wp","href":"https:\/\/api.w.org\/{rel}","templated":true}]}}