
{"id":16,"date":"2020-06-03T13:43:00","date_gmt":"2020-06-03T13:43:00","guid":{"rendered":"http:\/\/www.xn--logopdie-julia-9hb.at\/?page_id=16"},"modified":"2026-04-10T19:40:33","modified_gmt":"2026-04-10T19:40:33","slug":"test","status":"publish","type":"page","link":"https:\/\/www.therapieplatzle-imst.at\/","title":{"rendered":"Home"},"content":{"rendered":"<div class=\"wpb-content-wrapper\">[vc_row fullwidth=&#8220;true&#8220;][vc_column visibility=&#8220;hidden-sm&#8220;][layerslider_vc id=&#8220;1&#8243;][\/vc_column][\/vc_row][vc_row][vc_column visibility=&#8220;visible-sm&#8220;][layerslider_vc id=&#8220;4&#8243;][\/vc_column][\/vc_row][mk_page_section][vc_column][vc_column_text css=&#8220;.vc_custom_1744380414899{margin-bottom: 0px !important;}&#8220;]\n<h1 style=\"text-align: center;\">Unser Team<\/h1>\n[\/vc_column_text][vc_row_inner animation=&#8220;fade-in&#8220;][vc_column_inner width=&#8220;1\/4&#8243;][mk_circle_image src=&#8220;https:\/\/www.therapieplatzle-imst.at\/wp-content\/uploads\/2022\/12\/kathi.jpg&#8220; link=&#8220;https:\/\/www.therapieplatzle-imst.at\/?page_id=457&#8243; visibility=&#8220;visible-dt&#8220;][mk_circle_image src=&#8220;https:\/\/www.therapieplatzle-imst.at\/wp-content\/uploads\/2026\/01\/whatsapp-image-2026-01-28-at-20.19.41-1.jpeg&#8220; link=&#8220;https:\/\/www.therapieplatzle-imst.at\/?page_id=635&#8243; visibility=&#8220;visible-dt&#8220;][\/vc_column_inner][vc_column_inner width=&#8220;1\/4&#8243;][mk_circle_image src=&#8220;https:\/\/www.therapieplatzle-imst.at\/wp-content\/uploads\/2025\/09\/therapieplatzle_imst_pics_lowres_198-1.jpg&#8220; link=&#8220;https:\/\/www.therapieplatzle-imst.at\/?page_id=457&#8243; visibility=&#8220;visible-dt&#8220;][mk_circle_image src=&#8220;https:\/\/www.therapieplatzle-imst.at\/wp-content\/uploads\/2026\/01\/whatsapp-image-2026-01-27-at-18.50.04.jpeg&#8220; link=&#8220;https:\/\/www.therapieplatzle-imst.at\/?page_id=616&#8243; visibility=&#8220;visible-dt&#8220;][\/vc_column_inner][vc_column_inner width=&#8220;1\/4&#8243;][mk_circle_image src=&#8220;https:\/\/www.therapieplatzle-imst.at\/wp-content\/uploads\/2025\/09\/therapieplatzle_imst_pics_lowres_200-1.jpg&#8220; link=&#8220;https:\/\/www.therapieplatzle-imst.at\/?page_id=169&#8243; visibility=&#8220;visible-dt&#8220;][mk_circle_image src=&#8220;https:\/\/www.therapieplatzle-imst.at\/wp-content\/uploads\/2026\/01\/whatsapp-image-2026-01-28-at-20.20.00.jpeg&#8220; link=&#8220;https:\/\/www.therapieplatzle-imst.at\/?page_id=626&#8243; visibility=&#8220;visible-dt&#8220;][\/vc_column_inner][vc_column_inner width=&#8220;1\/4&#8243;][mk_circle_image src=&#8220;https:\/\/www.therapieplatzle-imst.at\/wp-content\/uploads\/2022\/12\/johanna.jpg&#8220; link=&#8220;https:\/\/www.therapieplatzle-imst.at\/?page_id=455&#8243; visibility=&#8220;visible-dt&#8220;][mk_circle_image src=&#8220;https:\/\/www.therapieplatzle-imst.at\/wp-content\/uploads\/2026\/01\/nicole.jpeg&#8220; link=&#8220;https:\/\/www.therapieplatzle-imst.at\/?page_id=621&#8243; visibility=&#8220;visible-dt&#8220;][\/vc_column_inner][\/vc_row_inner][mk_image_slideshow images=&#8220;575,495,499,574,668,669,667,670&#8243; image_width=&#8220;491&#8243; image_height=&#8220;491&#8243; margin_bottom=&#8220;30&#8243; animation_speed=&#8220;300&#8243; slideshow_speed=&#8220;2500&#8243; smooth_height=&#8220;false&#8220; visibility=&#8220;hidden-dt&#8220;][\/vc_column][\/mk_page_section][vc_row fullwidth=&#8220;true&#8220; visibility=&#8220;hidden-dt&#8220;][vc_column][vc_separator color=&#8220;custom&#8220; border_width=&#8220;2&#8243; css_animation=&#8220;fadeIn&#8220; css=&#8220;&#8220; accent_color=&#8220;#717046&#8243;][\/vc_column][\/vc_row][vc_row id=&#8220;Therapie&#8220;][vc_column width=&#8220;1\/3&#8243;][vc_column_text css=&#8220;.vc_custom_1744970015978{margin-bottom: 0px !important;padding-top: 14px !important;background-color: #997663 !important;}&#8220;]\n<h2 style=\"text-align: center;\">Ergotherapie<\/h2>\n[\/vc_column_text][vc_column_text css=&#8220;.vc_custom_1744999278003{margin-bottom: 0px !important;}&#8220;]\n<hr \/>\n<p align=\"justify\">Damit Sie den Alltag selbst\u00e4ndig meistern k\u00f6nnen.<\/p>\n<p align=\"justify\">Ergotherapeuten helfen Ihnen, durch individuell angepasste Therapie und Beratung, bei der L\u00f6sung Ihrer pers\u00f6nlichen Schwierigkeiten im Alltag sowie in Arbeits-, Schul- und Kindergartensituationen. Ergotherapie dient Menschen aller Altersgruppen. Behandelt werden physische, psychische und auch soziale Beeintr\u00e4chtigungen, die infolge von Krankheiten, Unf\u00e4llen oder Entwicklungsst\u00f6rungen aufgetreten sind.<\/p>\n[\/vc_column_text][mk_button dimension=&#8220;savvy&#8220; url=&#8220;https:\/\/www.therapieplatzle-imst.at\/?page_id=192&#8243; align=&#8220;center&#8220; fullwidth=&#8220;true&#8220; visibility=&#8220;hidden-dt&#8220; outline_skin=&#8220;custom&#8220; outline_hover_bg_color=&#8220;#997663&#8243; outline_hover_color=&#8220;#ffffff&#8220;]Erfahren Sie mehr[\/mk_button][\/vc_column][vc_column width=&#8220;1\/3&#8243;][vc_column_text css=&#8220;.vc_custom_1744970070539{margin-bottom: 0px !important;padding-top: 14px !important;background-color: #997663 !important;}&#8220;]\n<h2 style=\"text-align: center;\">Logop\u00e4die<\/h2>\n[\/vc_column_text][vc_column_text css=&#8220;.vc_custom_1744999298984{margin-bottom: 0px !important;}&#8220;]\n<hr \/>\n<p align=\"justify\">LOGOP\u00c4DIE leitet sich von den altgriechischen W\u00f6rtern &#8222;logos&#8220; (deutsch \u201eWort&#8220;) und \u201epaideuein&#8220; (deutsch \u201eerziehen&#8220;) ab, w\u00f6rtlich \u00fcbersetzt bedeutet es also \u201eSprecherziehung&#8220;. Der Begriff Logop\u00e4die wurde 1924 von dem Wiener Mediziner Emil Fr\u00f6schels eingef\u00fchrt, zuvor sprach man von medizinischer Sprachheilkunde.Nun ist die Logop\u00e4die ein eigenverantwortlicher medizinisch-technischer Beruf, welcher in \u00f6ffentlichen Institutionen oder auch in freier Praxis ausge\u00fcbt werden kann.<\/p>\n[\/vc_column_text][mk_button dimension=&#8220;savvy&#8220; url=&#8220;https:\/\/www.therapieplatzle-imst.at\/?page_id=190&#8243; align=&#8220;center&#8220; fullwidth=&#8220;true&#8220; visibility=&#8220;hidden-dt&#8220; outline_skin=&#8220;custom&#8220; outline_hover_bg_color=&#8220;#997663&#8243; outline_hover_color=&#8220;#ffffff&#8220;]Erfahren Sie mehr[\/mk_button][\/vc_column][vc_column width=&#8220;1\/3&#8243;][vc_column_text css=&#8220;.vc_custom_1746464674465{margin-bottom: 0px !important;padding-top: 14px !important;background-color: #997663 !important;}&#8220;]\n<h2 style=\"text-align: center;\">Physiotherapie<\/h2>\n[\/vc_column_text][vc_column_text margin_bottom=&#8220;0&#8243; css=&#8220;.vc_custom_1775849990853{margin-bottom: 0px !important;}&#8220;]\n<hr \/>\n<p align=\"justify\">Physiotherapie hilft, Schmerzen zu lindern, Beweglichkeit zu verbessern und den K\u00f6rper nach Verletzungen, Operationen oder bei Beschwerden wie R\u00fccken- und Gelenkproblemen zu st\u00e4rken.<\/p>\n<p align=\"justify\">Beckenbodenphysiotherapie trainiert gezielt die Beckenbodenmuskulatur und wird z. B. bei Inkontinenz, nach der Geburt oder vor und nach Operationen eingesetzt.<\/p>\n[\/vc_column_text][mk_button dimension=&#8220;savvy&#8220; url=&#8220;https:\/\/www.therapieplatzle-imst.at\/?page_id=413&#8243; align=&#8220;center&#8220; fullwidth=&#8220;true&#8220; visibility=&#8220;hidden-dt&#8220; outline_skin=&#8220;custom&#8220; outline_hover_bg_color=&#8220;#997663&#8243; outline_hover_color=&#8220;#ffffff&#8220;]Erfahren Sie mehr[\/mk_button][\/vc_column][\/vc_row][vc_row][vc_column width=&#8220;1\/3&#8243;][mk_button dimension=&#8220;savvy&#8220; url=&#8220;https:\/\/www.therapieplatzle-imst.at\/?page_id=192&#8243; align=&#8220;center&#8220; fullwidth=&#8220;true&#8220; visibility=&#8220;visible-dt&#8220; outline_skin=&#8220;custom&#8220; outline_hover_bg_color=&#8220;#997663&#8243; outline_hover_color=&#8220;#ffffff&#8220;]Erfahren Sie mehr[\/mk_button][\/vc_column][vc_column width=&#8220;1\/3&#8243;][mk_button dimension=&#8220;savvy&#8220; url=&#8220;https:\/\/www.therapieplatzle-imst.at\/?page_id=190&#8243; align=&#8220;center&#8220; fullwidth=&#8220;true&#8220; visibility=&#8220;visible-dt&#8220; outline_skin=&#8220;custom&#8220; outline_hover_bg_color=&#8220;#997663&#8243; outline_hover_color=&#8220;#ffffff&#8220;]Erfahren Sie mehr[\/mk_button][\/vc_column][vc_column width=&#8220;1\/3&#8243;][mk_button dimension=&#8220;savvy&#8220; url=&#8220;https:\/\/www.therapieplatzle-imst.at\/?page_id=413&#8243; align=&#8220;center&#8220; fullwidth=&#8220;true&#8220; visibility=&#8220;visible-dt&#8220; outline_skin=&#8220;custom&#8220; outline_hover_bg_color=&#8220;#997663&#8243; outline_hover_color=&#8220;#ffffff&#8220;]Erfahren Sie mehr[\/mk_button][\/vc_column][\/vc_row][vc_row fullwidth=&#8220;true&#8220;][vc_column][vc_separator color=&#8220;custom&#8220; css=&#8220;&#8220; accent_color=&#8220;#717046&#8243;][\/vc_column][\/vc_row]\n<\/div>","protected":false},"excerpt":{"rendered":"<p>[vc_row fullwidth=&#8220;true&#8220;][vc_column visibility=&#8220;hidden-sm&#8220;][layerslider_vc id=&#8220;1&#8243;][\/vc_column][\/vc_row][vc_row][vc_column visibility=&#8220;visible-sm&#8220;][layerslider_vc id=&#8220;4&#8243;][\/vc_column][\/vc_row][mk_page_section][vc_column][vc_column_text css=&#8220;.vc_custom_1744380414899{margin-bottom: 0px !important;}&#8220;] Unser Team [\/vc_column_text][vc_row_inner animation=&#8220;fade-in&#8220;][vc_column_inner width=&#8220;1\/4&#8243;][mk_circle_image src=&#8220;https:\/\/www.therapieplatzle-imst.at\/wp-content\/uploads\/2022\/12\/kathi.jpg&#8220; link=&#8220;https:\/\/www.therapieplatzle-imst.at\/?page_id=457&#8243; visibility=&#8220;visible-dt&#8220;][mk_circle_image src=&#8220;https:\/\/www.therapieplatzle-imst.at\/wp-content\/uploads\/2026\/01\/whatsapp-image-2026-01-28-at-20.19.41-1.jpeg&#8220; link=&#8220;https:\/\/www.therapieplatzle-imst.at\/?page_id=635&#8243; visibility=&#8220;visible-dt&#8220;][\/vc_column_inner][vc_column_inner width=&#8220;1\/4&#8243;][mk_circle_image src=&#8220;https:\/\/www.therapieplatzle-imst.at\/wp-content\/uploads\/2025\/09\/therapieplatzle_imst_pics_lowres_198-1.jpg&#8220; link=&#8220;https:\/\/www.therapieplatzle-imst.at\/?page_id=457&#8243; visibility=&#8220;visible-dt&#8220;][mk_circle_image src=&#8220;https:\/\/www.therapieplatzle-imst.at\/wp-content\/uploads\/2026\/01\/whatsapp-image-2026-01-27-at-18.50.04.jpeg&#8220; link=&#8220;https:\/\/www.therapieplatzle-imst.at\/?page_id=616&#8243; visibility=&#8220;visible-dt&#8220;][\/vc_column_inner][vc_column_inner width=&#8220;1\/4&#8243;][mk_circle_image src=&#8220;https:\/\/www.therapieplatzle-imst.at\/wp-content\/uploads\/2025\/09\/therapieplatzle_imst_pics_lowres_200-1.jpg&#8220; link=&#8220;https:\/\/www.therapieplatzle-imst.at\/?page_id=169&#8243; visibility=&#8220;visible-dt&#8220;][mk_circle_image src=&#8220;https:\/\/www.therapieplatzle-imst.at\/wp-content\/uploads\/2026\/01\/whatsapp-image-2026-01-28-at-20.20.00.jpeg&#8220; link=&#8220;https:\/\/www.therapieplatzle-imst.at\/?page_id=626&#8243; visibility=&#8220;visible-dt&#8220;][\/vc_column_inner][vc_column_inner width=&#8220;1\/4&#8243;][mk_circle_image src=&#8220;https:\/\/www.therapieplatzle-imst.at\/wp-content\/uploads\/2022\/12\/johanna.jpg&#8220; link=&#8220;https:\/\/www.therapieplatzle-imst.at\/?page_id=455&#8243; visibility=&#8220;visible-dt&#8220;][mk_circle_image src=&#8220;https:\/\/www.therapieplatzle-imst.at\/wp-content\/uploads\/2026\/01\/nicole.jpeg&#8220; link=&#8220;https:\/\/www.therapieplatzle-imst.at\/?page_id=621&#8243; visibility=&#8220;visible-dt&#8220;][\/vc_column_inner][\/vc_row_inner][mk_image_slideshow images=&#8220;575,495,499,574,668,669,667,670&#8243; image_width=&#8220;491&#8243; image_height=&#8220;491&#8243; margin_bottom=&#8220;30&#8243; animation_speed=&#8220;300&#8243; slideshow_speed=&#8220;2500&#8243; smooth_height=&#8220;false&#8220; visibility=&#8220;hidden-dt&#8220;][\/vc_column][\/mk_page_section][vc_row fullwidth=&#8220;true&#8220; visibility=&#8220;hidden-dt&#8220;][vc_column][vc_separator color=&#8220;custom&#8220; border_width=&#8220;2&#8243; css_animation=&#8220;fadeIn&#8220; css=&#8220;&#8220; [&hellip;]<\/p>\n","protected":false},"author":1,"featured_media":0,"parent":0,"menu_order":0,"comment_status":"closed","ping_status":"closed","template":"","meta":{"footnotes":""},"class_list":["post-16","page","type-page","status-publish","hentry"],"_links":{"self":[{"href":"https:\/\/www.therapieplatzle-imst.at\/index.php?rest_route=\/wp\/v2\/pages\/16","targetHints":{"allow":["GET"]}}],"collection":[{"href":"https:\/\/www.therapieplatzle-imst.at\/index.php?rest_route=\/wp\/v2\/pages"}],"about":[{"href":"https:\/\/www.therapieplatzle-imst.at\/index.php?rest_route=\/wp\/v2\/types\/page"}],"author":[{"embeddable":true,"href":"https:\/\/www.therapieplatzle-imst.at\/index.php?rest_route=\/wp\/v2\/users\/1"}],"replies":[{"embeddable":true,"href":"https:\/\/www.therapieplatzle-imst.at\/index.php?rest_route=%2Fwp%2Fv2%2Fcomments&post=16"}],"version-history":[{"count":86,"href":"https:\/\/www.therapieplatzle-imst.at\/index.php?rest_route=\/wp\/v2\/pages\/16\/revisions"}],"predecessor-version":[{"id":676,"href":"https:\/\/www.therapieplatzle-imst.at\/index.php?rest_route=\/wp\/v2\/pages\/16\/revisions\/676"}],"wp:attachment":[{"href":"https:\/\/www.therapieplatzle-imst.at\/index.php?rest_route=%2Fwp%2Fv2%2Fmedia&parent=16"}],"curies":[{"name":"wp","href":"https:\/\/api.w.org\/{rel}","templated":true}]}}